{"id":27,"date":"2020-11-09T22:14:26","date_gmt":"2020-11-09T22:14:26","guid":{"rendered":"https:\/\/merkatusoziala.eus\/2020\/?page_id=27"},"modified":"2020-11-25T10:33:34","modified_gmt":"2020-11-25T10:33:34","slug":"que-es-el-mercado-social","status":"publish","type":"page","link":"https:\/\/merkatusoziala.eus\/azoka20\/es\/feria-virtual-de-la-economia-solidaria\/que-es-el-mercado-social\/","title":{"rendered":"<span class='c1'>\u00bfQu\u00e9 es el Mercado Social?<\/span>"},"content":{"rendered":"\n<div class=\"wp-block-image\"><figure class=\"aligncenter size-large\"><img loading=\"lazy\" width=\"247\" height=\"97\" src=\"https:\/\/merkatusoziala.eus\/azoka20\/wp-content\/uploads\/2020\/11\/merkatu-soziala.png\" alt=\"Mercado social\" class=\"wp-image-124\"\/><\/figure><\/div>\n\n\n\n<p>El mercado social es una red de producci\u00f3n, financiaci\u00f3n, distribuci\u00f3n y consumo de bienes y servicios que funciona con criterios \u00e9ticos, democr\u00e1ticos, feministas, ecol\u00f3gicos y solidarios, constituida por empresas y entidades de la econom\u00eda social y solidaria junto con consumidores y consumidoras individuales y colectivos.<\/p>\n\n\n\n<p>Hoy en d\u00eda en el mercado social de Euskadi se encuentran m\u00e1s de 85 iniciativas en funcionamiento, de 17 sectores diferentes. Desde energ\u00eda renovable, a finanzas \u00e9ticas, pasando por alimentaci\u00f3n agroecol\u00f3gica, comercio justo, consultor\u00eda, hosteler\u00eda, formaci\u00f3n,&#8230; entre otras tantas. Descubre toda la oferta en el <a href=\"https:\/\/merkatusoziala.eus\/azoka20\/es\/catalogo-virtual\/\">ESCAPARATE VIRTUAL<\/a>.<\/p>\n\n\n\n<p>El Mercado Social de Euskadi es una iniciativa promovida por <a href=\"https:\/\/www.reasred.org\/reas-euskadi\">REAS Euskadi<\/a>. El objetivo es impulsar pr\u00e1cticas econ\u00f3micas alternativas al servicio de las personas y de la sostenibilidad de la vida. Las entidades y empresas de econom\u00eda solidaria intercooperan para ser significativas econ\u00f3micamente. Un mercado en el que peque\u00f1os productores y productoras controlan la venta y distribuci\u00f3n de lo que producen. Un mercado en el que las personas consumidoras responsables participan activamente para multiplicar la fuerza que poseen de forma aislada. Un mercado cuyo objetivo no es el \u00e1nimo de lucro, sino contribuir a construir una econom\u00eda y un mundo m\u00e1s justo y sostenible.<\/p>\n\n\n\n<div class=\"wp-block-buttons aligncenter\">\n<div class=\"wp-block-button\"><a class=\"wp-block-button__link\" href=\"https:\/\/merkatusoziala.eus\/azoka20\/es\/feria-virtual-de-la-economia-solidaria\/\">Volver al inicio_<\/a><\/div>\n<\/div>\n","protected":false},"excerpt":{"rendered":"<p>El mercado social es una red de producci\u00f3n, financiaci\u00f3n, distribuci\u00f3n y consumo de bienes y servicios que funciona con criterios \u00e9ticos, democr\u00e1ticos, feministas, ecol\u00f3gicos y solidarios, constituida por empresas y entidades de la econom\u00eda social y solidaria junto con consumidores y consumidoras individuales y colectivos. Hoy en d\u00eda en el mercado social de Euskadi se [&hellip;]<\/p>\n","protected":false},"author":1,"featured_media":0,"parent":9,"menu_order":0,"comment_status":"closed","ping_status":"closed","template":"","meta":{"_coblocks_attr":"","_coblocks_dimensions":"","_coblocks_responsive_height":"","_coblocks_accordion_ie_support":""},"_links":{"self":[{"href":"https:\/\/merkatusoziala.eus\/azoka20\/wp-json\/wp\/v2\/pages\/27"}],"collection":[{"href":"https:\/\/merkatusoziala.eus\/azoka20\/wp-json\/wp\/v2\/pages"}],"about":[{"href":"https:\/\/merkatusoziala.eus\/azoka20\/wp-json\/wp\/v2\/types\/page"}],"author":[{"embeddable":true,"href":"https:\/\/merkatusoziala.eus\/azoka20\/wp-json\/wp\/v2\/users\/1"}],"replies":[{"embeddable":true,"href":"https:\/\/merkatusoziala.eus\/azoka20\/wp-json\/wp\/v2\/comments?post=27"}],"version-history":[{"count":10,"href":"https:\/\/merkatusoziala.eus\/azoka20\/wp-json\/wp\/v2\/pages\/27\/revisions"}],"predecessor-version":[{"id":412,"href":"https:\/\/merkatusoziala.eus\/azoka20\/wp-json\/wp\/v2\/pages\/27\/revisions\/412"}],"up":[{"embeddable":true,"href":"https:\/\/merkatusoziala.eus\/azoka20\/wp-json\/wp\/v2\/pages\/9"}],"wp:attachment":[{"href":"https:\/\/merkatusoziala.eus\/azoka20\/wp-json\/wp\/v2\/media?parent=27"}],"curies":[{"name":"wp","href":"https:\/\/api.w.org\/{rel}","templated":true}]}}