{"id":3,"date":"2020-11-09T21:15:47","date_gmt":"2020-11-09T21:15:47","guid":{"rendered":"https:\/\/merkatusoziala.eus\/2020\/?page_id=3"},"modified":"2020-11-29T18:44:11","modified_gmt":"2020-11-29T18:44:11","slug":"politica-privacidad","status":"publish","type":"page","link":"https:\/\/merkatusoziala.eus\/azoka20\/es\/politica-privacidad\/","title":{"rendered":"<span class='c1'>Pol\u00edtica de privacidad<\/span>"},"content":{"rendered":"\n<h2><strong>\u00bfQui\u00e9n es el Responsable del tratamiento de los datos personales?<\/strong><\/h2>\n\n\n\n<ul><li><strong>Identidad<\/strong>: RED DE ECONOM\u00cdA ALTERNATIVA Y SOLIDARIA DE EUSKADI \u2013 REAS EUSKADI<\/li><li><strong>CIF<\/strong>: G-48953210<\/li><li><strong>Direcci\u00f3n<\/strong>: Plaza Venezuela n\u00ba 1 2\u00ba izda. Izda. 48001, Bilbao, Bizkaia.<\/li><li><strong>Tel\u00e9fono<\/strong>:<a rel=\"noreferrer noopener\" href=\"tel:+34944160566\" target=\"_blank\"> 944 160 566<\/a><\/li><li><strong>Email<\/strong>: <a rel=\"noreferrer noopener\" href=\"mailto:reaseuskadi@reaseuskadi.net\" target=\"_blank\">reaseuskadi@reaseuskadi.net<\/a><\/li><\/ul>\n\n\n\n<h2><strong>\u00bfCon qu\u00e9 finalidad tratamos los datos personales?<\/strong><\/h2>\n\n\n\n<p>Tratamos la informaci\u00f3n facilitada a trav\u00e9s de diferentes formularios con las siguientes finalidades:<\/p>\n\n\n\n<ul><li>Enviar peri\u00f3dicamente Boletines con la informaci\u00f3n presente en el Portal <a href=\"http:\/\/www.reaseuskadi.eus\">reaseuskadi.eus<\/a> sobre diferentes tem\u00e1ticas: Econom\u00eda Solidaria, Comercio Justo, Consumo Responsable, Finanzas \u00c9ticas, Mercado Social, Pol\u00edticas P\u00fablicas y Soberan\u00eda Alimentaria.<\/li><li>Aclarar cualquier duda y contestar a consultas sobre las actividades e iniciativas llevadas a cabo por REAS EUSKADI.<\/li><li>Gestionar la participaci\u00f3n de las expositoras en la Feria de Econom\u00eda Social y Solidaria<\/li><li><em>Aclarar cualquier duda y contestar a consultas sobre los cursos organizados por REAS EUSKADI y gestionar la inscripci\u00f3n y participaci\u00f3n a los mismos.<\/em><\/li><\/ul>\n\n\n\n<p>REAS EUSKADI no utilizar\u00e1 datos personales con finalidades incompatibles a las que figuran en esta cl\u00e1usula o sean descritas de manera espec\u00edfica en cada formulario de la web. Tampoco se tomar\u00e1n decisiones automatizadas en base a su perfil.<\/p>\n\n\n\n<h2><strong>\u00bfPor cu\u00e1nto tiempo conservaremos los datos?<\/strong><\/h2>\n\n\n\n<p>Conservamos los datos en funci\u00f3n de c\u00f3mo y para qu\u00e9 hayan sido recopilados.<\/p>\n\n\n\n<h3>FORMULARIO DE CONTACTO<\/h3>\n\n\n\n<p>Los datos personales se conservar\u00e1n por un plazo m\u00e1ximo de un a\u00f1o desde la \u00faltima manifestaci\u00f3n de inter\u00e9s sobre las actividades de REAS EUSKADI<\/p>\n\n\n\n<h3>BOLETINES<\/h3>\n\n\n\n<p>Los datos personales se conservar\u00e1n durante el tiempo de suscripci\u00f3n a los boletines. Es posible darse de baja en cualquier momento a trav\u00e9s del enlace para desuscribirse que se encuentra en cada bolet\u00edn o enviando un correo electr\u00f3nico a la direcci\u00f3n <a href=\"mailto:reaseuskadi@reaseuskadi.net\">reaseuskadi@reaseuskadi.net<\/a>.<\/p>\n\n\n\n<h3>FERIA DE ECONOM\u00cdA SOCIAL Y SOLIDARIA<\/h3>\n\n\n\n<p>Los datos personales de las expositoras se conservar\u00e1n durante el periodo de la Feria y los plazos legales respecto a la prescripci\u00f3n de responsabilidades<\/p>\n\n\n\n<h2>\u00bfCu\u00e1l es la legitimaci\u00f3n para el tratamiento de los datos?<\/h2>\n\n\n\n<p>El tratamiento de los datos personales se realiza por diferentes razones justificadas en base al Reglamento General de Protecci\u00f3n de Datos.<\/p>\n\n\n\n<h3>FORMULARIO DE CONTACTO<\/h3>\n\n\n\n<p>La base legal es el consentimiento del interesado a fin de poder proporcionarle cualquier informaci\u00f3n que solicite acerca de las actividades de REAS EUSKADI.<\/p>\n\n\n\n<h3>BOLETINES<\/h3>\n\n\n\n<p>La base legal es el consentimiento otorgado a trav\u00e9s de algunos de los formularios de la web para suscribirse a los boletines.<\/p>\n\n\n\n<h3>FERIA DE ECONOM\u00cdA SOCIAL Y SOLIDARIA<\/h3>\n\n\n\n<p>La base legal es el consentimiento otorgado a trav\u00e9s del formulario de inscripci\u00f3n a la Feria<\/p>\n\n\n\n<h3>CURSOS<\/h3>\n\n\n\n<p>La base legal est\u00e1 constituida por el acto de inscripci\u00f3n a los cursos.<\/p>\n\n\n\n<h2>\u00bfA qu\u00e9 destinatarios se comunicar\u00e1n los datos?<\/h2>\n\n\n\n<p>Con car\u00e1cter general REAS EUSKADI no comunica datos personales a terceros, salvo obligaci\u00f3n legal.<\/p>\n\n\n\n<h3>BOLETINES<\/h3>\n\n\n\n<p>REAS EUSKADI utiliza el servicio de email marketing y gesti\u00f3n de contactos y clientes de MailChimp. Para ello, compartiremos nombre y email de las personas suscriptas a nuestros boletines con MailChimp. El servicio de MailChimp viene proporcionado por The Rocket Science Group LLC d\/b\/a MailChimp con sede en Georgia (EEUU) y al amparo del acuerdo EU-US PrivacyShield. Puedes consultar la pol\u00edtica de privacidad de MailChimp en el siguiente enlace <a rel=\"noreferrer noopener\" href=\"https:\/\/mailchimp.com\/en\/legal\/privacy\/\" target=\"_blank\">https:\/\/mailchimp.com\/en\/legal\/privacy\/<\/a><\/p>\n\n\n\n<h3>FERIA DE ECONOM\u00cdA SOCIAL Y SOLIDARIA<\/h3>\n\n\n\n<p>REAS EUSKADI utiliza el servicio Google Forms para gestionar la inscripci\u00f3n de las expositoras a la Feria. Para ello compartiremos nombre y email de las expositoras con Google Forms.<br><br>El servicio de Google Forms consiste en una aplicaci\u00f3n de administraci\u00f3n de encuestas incluida en el conjunto de aplicaciones de Google Drive, servicio prestado por Google LLC, con sede en Mountain View California (Estados Unidos), entidad certificada bajo el marco de Privacy Shield EU-EEUU. -Puedes consultar la pol\u00edtica de privacidad de Google Forms en el siguiente enlace <a href=\"https:\/\/policies.google.com\/privacy?hl=es\">https:\/\/policies.google.com\/privacy?hl=es<\/a><\/p>\n\n\n\n<h2>\u00bfCu\u00e1les son sus derechos cuando nos facilitas sus datos?<\/h2>\n\n\n\n<p>Cualquier persona tiene derecho a obtener confirmaci\u00f3n sobre si estamos tratando datos personales que les conciernan, o no.<\/p>\n\n\n\n<p>Las personas interesadas tienen derecho a acceder a sus datos personales, as\u00ed como a solicitar la rectificaci\u00f3n de los datos inexactos o, en su caso, solicitar su supresi\u00f3n cuando, entre otros motivos, los datos ya no sean necesarios para los fines que fueron recogidos.<\/p>\n\n\n\n<p>En determinadas circunstancias, los interesados podr\u00e1n solicitar la limitaci\u00f3n del tratamiento de sus datos, en cuyo caso \u00fanicamente los conservar\u00e9 para el ejercicio o la defensa de reclamaciones.<\/p>\n\n\n\n<p>En determinadas circunstancias y por motivos relacionados con su situaci\u00f3n particular, los interesados podr\u00e1n oponerse al tratamiento de sus datos. Dejaremos de tratar los datos, salvo por motivos leg\u00edtimos imperiosos, o el ejercicio o la defensa de posibles reclamaciones.<\/p>\n\n\n\n<p>En determinadas circunstancias y por motivos relacionados con su situaci\u00f3n particular, los interesados podr\u00e1n solicitar su derecho a la portabilidad de los datos.<\/p>\n\n\n\n<p>Puede retirar su consentimiento en cualquier momento as\u00ed como ejercer los derechos de acceso, rectificaci\u00f3n, supresi\u00f3n, limitaci\u00f3n, portabilidad y oposici\u00f3n previstos en el Reglamento General de Protecci\u00f3n de Datos envi\u00e1ndonos un correo electr\u00f3nico a la direcci\u00f3n <a href=\"mailto:reaseuskadi@reaseuskadi.net\">reaseuskadi@reaseuskadi.net<\/a>. y remitiendo la siguiente informaci\u00f3n: Nombre y apellidos, domicilio a efectos de notificaciones, petici\u00f3n del derecho que quiere ejercer e indicando en el asunto \u201cProtecci\u00f3n de datos\u201d y adjuntado copia de DNI\/NIE\/Pasaporte.<\/p>\n\n\n\n<p>En caso de que se haya vulnerado cualquiera de sus derechos, tiene derecho a presentar una reclamaci\u00f3n ante la Agencia Espa\u00f1ola de Protecci\u00f3n de datos (<a href=\"https:\/\/www.aepd.es\">https:\/\/www.aepd.es<\/a>)<\/p>\n\n\n\n<p>Fecha de actualizaci\u00f3n: OCTUBRE 2019<\/p>\n","protected":false},"excerpt":{"rendered":"<p>\u00bfQui\u00e9n es el Responsable del tratamiento de los datos personales? Identidad: RED DE ECONOM\u00cdA ALTERNATIVA Y SOLIDARIA DE EUSKADI \u2013 REAS EUSKADI CIF: G-48953210 Direcci\u00f3n: Plaza Venezuela n\u00ba 1 2\u00ba izda. Izda. 48001, Bilbao, Bizkaia. Tel\u00e9fono: 944 160 566 Email: reaseuskadi@reaseuskadi.net \u00bfCon qu\u00e9 finalidad tratamos los datos personales? Tratamos la informaci\u00f3n facilitada a trav\u00e9s de [&hellip;]<\/p>\n","protected":false},"author":1,"featured_media":0,"parent":0,"menu_order":0,"comment_status":"closed","ping_status":"open","template":"","meta":{"_coblocks_attr":"","_coblocks_dimensions":"","_coblocks_responsive_height":"","_coblocks_accordion_ie_support":""},"_links":{"self":[{"href":"https:\/\/merkatusoziala.eus\/azoka20\/wp-json\/wp\/v2\/pages\/3"}],"collection":[{"href":"https:\/\/merkatusoziala.eus\/azoka20\/wp-json\/wp\/v2\/pages"}],"about":[{"href":"https:\/\/merkatusoziala.eus\/azoka20\/wp-json\/wp\/v2\/types\/page"}],"author":[{"embeddable":true,"href":"https:\/\/merkatusoziala.eus\/azoka20\/wp-json\/wp\/v2\/users\/1"}],"replies":[{"embeddable":true,"href":"https:\/\/merkatusoziala.eus\/azoka20\/wp-json\/wp\/v2\/comments?post=3"}],"version-history":[{"count":1,"href":"https:\/\/merkatusoziala.eus\/azoka20\/wp-json\/wp\/v2\/pages\/3\/revisions"}],"predecessor-version":[{"id":751,"href":"https:\/\/merkatusoziala.eus\/azoka20\/wp-json\/wp\/v2\/pages\/3\/revisions\/751"}],"wp:attachment":[{"href":"https:\/\/merkatusoziala.eus\/azoka20\/wp-json\/wp\/v2\/media?parent=3"}],"curies":[{"name":"wp","href":"https:\/\/api.w.org\/{rel}","templated":true}]}}