{"id":34,"date":"2020-11-09T22:24:12","date_gmt":"2020-11-09T22:24:12","guid":{"rendered":"https:\/\/merkatusoziala.eus\/2020\/?page_id=34"},"modified":"2020-12-04T23:59:16","modified_gmt":"2020-12-04T22:59:16","slug":"escaparate-virtual","status":"publish","type":"page","link":"https:\/\/merkatusoziala.eus\/azoka20\/es\/escaparate-virtual\/","title":{"rendered":"<span class='c1'>ESCAPARATE VIRTUAL<\/span><span> selecciona tu perfil<\/span>"},"content":{"rendered":"\n<p>Aqu\u00ed encontrar\u00e1s los diferentes productos y servicios del mercado social de Euskadi.<br>Escoge tu perfil y personaliza el itinerario:<\/p>\n\n\n\n<div class=\"wp-block-columns are-vertically-aligned-top\">\n<div class=\"wp-block-column is-vertically-aligned-top\">\n<div class=\"wp-block-image figcaption coblocks-animate has-filter-grayscale\" data-coblocks-animation=\"slideInBottom\"><figure class=\"aligncenter size-large\"><a href=\"https:\/\/merkatusoziala.eus\/azoka20\/es\/catalogo-virtual\/\"><img loading=\"lazy\" width=\"300\" height=\"200\" src=\"https:\/\/merkatusoziala.eus\/azoka20\/wp-content\/uploads\/2020\/11\/mercado-social-para-particulares.jpg\" alt=\"MERCADO SOCIAL PARTICULARES\" class=\"wp-image-217\"\/><\/a><figcaption><a href=\"https:\/\/merkatusoziala.eus\/azoka20\/es\/catalogo-virtual\/particulares\/\">Particulares. Soy una persona particular<\/a><\/figcaption><\/figure><\/div>\n\n\n\n<div class=\"wp-block-buttons aligncenter\">\n<div id=\"catalogo\" class=\"wp-block-button black\"><a class=\"wp-block-button__link\" href=\"https:\/\/merkatusoziala.eus\/azoka20\/es\/catalogo-virtual\/particulares\/\">PARTICULARES<\/a><\/div>\n<\/div>\n<\/div>\n\n\n\n<div class=\"wp-block-column is-vertically-aligned-top\">\n<div class=\"wp-block-image figcaption coblocks-animate has-filter-grayscale\" data-coblocks-animation=\"slideInBottom\"><figure class=\"aligncenter size-large\"><a href=\"https:\/\/merkatusoziala.eus\/azoka20\/es\/programa\/\"><img loading=\"lazy\" width=\"300\" height=\"200\" src=\"https:\/\/merkatusoziala.eus\/azoka20\/wp-content\/uploads\/2020\/11\/mercado-social-para-entidades.jpg\" alt=\"MERCADO SOCIAL ENTIDADES-\" class=\"wp-image-216\"\/><\/a><figcaption><a href=\"https:\/\/merkatusoziala.eus\/azoka20\/es\/escaparate-virtual\/escaparate-virtual-empresas\/\">Soy entidad o empresa<\/a><\/figcaption><\/figure><\/div>\n\n\n\n<div class=\"wp-block-buttons aligncenter\">\n<div class=\"wp-block-button black\"><a class=\"wp-block-button__link\" href=\"https:\/\/merkatusoziala.eus\/azoka20\/es\/escaparate-virtual\/escaparate-virtual-empresas\/\">entidad o empresa<\/a><\/div>\n<\/div>\n<\/div>\n\n\n\n<div class=\"wp-block-column is-vertically-aligned-top\">\n<div class=\"wp-block-image figcaption coblocks-animate has-filter-grayscale\" data-coblocks-animation=\"slideInBottom\"><figure class=\"aligncenter size-large\"><a href=\"https:\/\/merkatusoziala.eus\/azoka20\/es\/area-socias\/\"><img loading=\"lazy\" width=\"300\" height=\"200\" src=\"https:\/\/merkatusoziala.eus\/azoka20\/wp-content\/uploads\/2020\/11\/mercado-social-para-admon-publica.jpg\" alt=\"MERCADO SOCIAL ADMINISTRACION PUBLICA\" class=\"wp-image-215\"\/><\/a><figcaption><a href=\"https:\/\/merkatusoziala.eus\/azoka20\/es\/catalogo-virtual\/administracion-publica\/\">Soy administraci\u00f3n p\u00fablica<\/a><\/figcaption><\/figure><\/div>\n\n\n\n<div class=\"wp-block-buttons aligncenter\">\n<div class=\"wp-block-button black\"><a class=\"wp-block-button__link\" href=\"https:\/\/merkatusoziala.eus\/azoka20\/es\/catalogo-virtual\/administracion-publica\/\">adm\u00d3n p\u00fablica<\/a><\/div>\n<\/div>\n<\/div>\n<\/div>\n\n\n\n<div style=\"height:100px\" aria-hidden=\"true\" class=\"wp-block-spacer\"><\/div>\n\n\n\n<div class=\"wp-block-columns are-vertically-aligned-center verde\">\n<div class=\"wp-block-column is-vertically-aligned-center verde\" style=\"flex-basis:66.66%\">\n<p class=\"has-text-align-center verde typing\">Adem\u00e1s, conoce todas las ofertas<br> del mercado social en esta secci\u00f3n<\/p>\n<\/div>\n\n\n\n<div class=\"wp-block-column is-vertically-aligned-center black\" style=\"flex-basis:33.33%\">\n<p class=\"has-text-align-center boton\"><a href=\"https:\/\/merkatusoziala.eus\/azoka20\/es\/catalogo-virtual\/ofertas-del-mercado-social\/\" data-type=\"page\" data-id=\"307\">ofertas_<\/a><\/p>\n<\/div>\n<\/div>\n\n\n\n<div style=\"height:100px\" aria-hidden=\"true\" class=\"wp-block-spacer\"><\/div>\n","protected":false},"excerpt":{"rendered":"<p>Aqu\u00ed encontrar\u00e1s los diferentes productos y servicios del mercado social de Euskadi.Escoge tu perfil y personaliza el itinerario: Adem\u00e1s, conoce todas las ofertas del mercado social en esta secci\u00f3n ofertas_<\/p>\n","protected":false},"author":1,"featured_media":0,"parent":0,"menu_order":0,"comment_status":"closed","ping_status":"closed","template":"","meta":{"_coblocks_attr":"","_coblocks_dimensions":"","_coblocks_responsive_height":"","_coblocks_accordion_ie_support":""},"_links":{"self":[{"href":"https:\/\/merkatusoziala.eus\/azoka20\/wp-json\/wp\/v2\/pages\/34"}],"collection":[{"href":"https:\/\/merkatusoziala.eus\/azoka20\/wp-json\/wp\/v2\/pages"}],"about":[{"href":"https:\/\/merkatusoziala.eus\/azoka20\/wp-json\/wp\/v2\/types\/page"}],"author":[{"embeddable":true,"href":"https:\/\/merkatusoziala.eus\/azoka20\/wp-json\/wp\/v2\/users\/1"}],"replies":[{"embeddable":true,"href":"https:\/\/merkatusoziala.eus\/azoka20\/wp-json\/wp\/v2\/comments?post=34"}],"version-history":[{"count":41,"href":"https:\/\/merkatusoziala.eus\/azoka20\/wp-json\/wp\/v2\/pages\/34\/revisions"}],"predecessor-version":[{"id":1272,"href":"https:\/\/merkatusoziala.eus\/azoka20\/wp-json\/wp\/v2\/pages\/34\/revisions\/1272"}],"wp:attachment":[{"href":"https:\/\/merkatusoziala.eus\/azoka20\/wp-json\/wp\/v2\/media?parent=34"}],"curies":[{"name":"wp","href":"https:\/\/api.w.org\/{rel}","templated":true}]}}