{"id":40,"date":"2020-11-09T22:27:41","date_gmt":"2020-11-09T22:27:41","guid":{"rendered":"https:\/\/merkatusoziala.eus\/2020\/?page_id=40"},"modified":"2020-11-25T22:26:09","modified_gmt":"2020-11-25T22:26:09","slug":"particulares","status":"publish","type":"page","link":"https:\/\/merkatusoziala.eus\/azoka20\/es\/escaparate-virtual\/particulares\/","title":{"rendered":"<span class='c1'>ESCAPARATE VIRTUAL<\/span><span>PARTICULARES<\/span>"},"content":{"rendered":"\n<p>\u00bfSab\u00edas que existen productos y servicios de econom\u00eda solidaria en casi todos los sectores econ\u00f3micos?<\/p>\n\n\n\n<p><strong>Como consumidora, tienes varias alternativas que puedes comprar o contratar. Te invitamos a investigar las diferentes entidades, productos y servicios del mercado social por cada sector&#8230;<\/strong><\/p>\n\n\n<div class='mosaico sectores'><\/div>\n\n\n\n<div style=\"height:20px\" aria-hidden=\"true\" class=\"wp-block-spacer\"><\/div>\n\n\n\n<div class=\"wp-block-columns are-vertically-aligned-center verde\">\n<div class=\"wp-block-column is-vertically-aligned-center verde\" style=\"flex-basis:66.66%\">\n<p class=\"has-text-align-center verde typing\">Descubre todas las ofertas que tienen en marcha<br> las entidades, \u00a1no te las puedes perder!<\/p>\n<\/div>\n\n\n\n<div class=\"wp-block-column is-vertically-aligned-center black\" style=\"flex-basis:33.33%\">\n<p class=\"has-text-align-center boton\"><a href=\"https:\/\/merkatusoziala.eus\/azoka20\/es\/escaparate-virtual\/ofertas-del-mercado-social\/?to=1\">ofertas_<\/a><\/p>\n<\/div>\n<\/div>\n\n\n\n<div style=\"height:100px\" aria-hidden=\"true\" class=\"wp-block-spacer\"><\/div>\n","protected":false},"excerpt":{"rendered":"<p>\u00bfSab\u00edas que existen productos y servicios de econom\u00eda solidaria en casi todos los sectores econ\u00f3micos? Como consumidora, tienes varias alternativas que puedes comprar o contratar. Te invitamos a investigar las diferentes entidades, productos y servicios del mercado social por cada sector&#8230; Descubre todas las ofertas que tienen en marcha las entidades, \u00a1no te las puedes [&hellip;]<\/p>\n","protected":false},"author":1,"featured_media":0,"parent":34,"menu_order":0,"comment_status":"closed","ping_status":"closed","template":"","meta":{"_coblocks_attr":"","_coblocks_dimensions":"","_coblocks_responsive_height":"","_coblocks_accordion_ie_support":""},"_links":{"self":[{"href":"https:\/\/merkatusoziala.eus\/azoka20\/wp-json\/wp\/v2\/pages\/40"}],"collection":[{"href":"https:\/\/merkatusoziala.eus\/azoka20\/wp-json\/wp\/v2\/pages"}],"about":[{"href":"https:\/\/merkatusoziala.eus\/azoka20\/wp-json\/wp\/v2\/types\/page"}],"author":[{"embeddable":true,"href":"https:\/\/merkatusoziala.eus\/azoka20\/wp-json\/wp\/v2\/users\/1"}],"replies":[{"embeddable":true,"href":"https:\/\/merkatusoziala.eus\/azoka20\/wp-json\/wp\/v2\/comments?post=40"}],"version-history":[{"count":38,"href":"https:\/\/merkatusoziala.eus\/azoka20\/wp-json\/wp\/v2\/pages\/40\/revisions"}],"predecessor-version":[{"id":434,"href":"https:\/\/merkatusoziala.eus\/azoka20\/wp-json\/wp\/v2\/pages\/40\/revisions\/434"}],"up":[{"embeddable":true,"href":"https:\/\/merkatusoziala.eus\/azoka20\/wp-json\/wp\/v2\/pages\/34"}],"wp:attachment":[{"href":"https:\/\/merkatusoziala.eus\/azoka20\/wp-json\/wp\/v2\/media?parent=40"}],"curies":[{"name":"wp","href":"https:\/\/api.w.org\/{rel}","templated":true}]}}