{"id":67,"date":"2020-11-10T20:00:15","date_gmt":"2020-11-10T20:00:15","guid":{"rendered":"https:\/\/merkatusoziala.eus\/2020\/?page_id=67"},"modified":"2020-12-04T21:41:13","modified_gmt":"2020-12-04T20:41:13","slug":"empresa","status":"publish","type":"page","link":"https:\/\/merkatusoziala.eus\/azoka20\/es\/escaparate-virtual\/escaparate-virtual-empresas\/empresa\/","title":{"rendered":"<span class='c1'>ESCAPARATE VIRTUAL <\/span><span>  EMPRESA<\/span>"},"content":{"rendered":"\n<p>\u00bfSab\u00edas que existen productos y servicios de econom\u00eda solidaria en casi todos los sectores econ\u00f3micos?<\/p>\n\n\n\n<p>Como empresa u organizaci\u00f3n , tienes varias alternativas que puedes comprar o contratar. Te invitamos a investigar las diferentes entidades, productos y servicios del mercado social por cada sector.<\/p>\n\n\n<div class='mosaico sectores'><\/div>\n\n\n<div class='mosaico sectores'><\/div>\n\n\n\n<div class=\"wp-block-columns are-vertically-aligned-center verde\">\n<div class=\"wp-block-column is-vertically-aligned-center verde\" style=\"flex-basis:66.66%\">\n<p class=\"has-text-align-center verde typing\">Descubre todas las ofertas que tienen en marcha<br> las entidades, \u00a1no te las puedes perder!<\/p>\n<\/div>\n\n\n\n<div class=\"wp-block-column is-vertically-aligned-center black\" style=\"flex-basis:33.33%\">\n<p class=\"has-text-align-center boton\"><a href=\"https:\/\/merkatusoziala.eus\/azoka20\/es\/escaparate-virtual\/ofertas-del-mercado-social\/?to=2\">ofertas_<\/a><\/p>\n<\/div>\n<\/div>\n\n\n\n<div style=\"height:20px\" aria-hidden=\"true\" class=\"wp-block-spacer\"><\/div>\n\n\n\n<div style=\"height:100px\" aria-hidden=\"true\" class=\"wp-block-spacer\"><\/div>\n\n\n\n\n\n<div style=\"height:20px\" aria-hidden=\"true\" class=\"wp-block-spacer\"><\/div>\n","protected":false},"excerpt":{"rendered":"<p>\u00bfSab\u00edas que existen productos y servicios de econom\u00eda solidaria en casi todos los sectores econ\u00f3micos? Como empresa u organizaci\u00f3n , tienes varias alternativas que puedes comprar o contratar. Te invitamos a investigar las diferentes entidades, productos y servicios del mercado social por cada sector. Descubre todas las ofertas que tienen en marcha las entidades, \u00a1no [&hellip;]<\/p>\n","protected":false},"author":1,"featured_media":0,"parent":430,"menu_order":0,"comment_status":"closed","ping_status":"closed","template":"","meta":{"_coblocks_attr":"","_coblocks_dimensions":"","_coblocks_responsive_height":"","_coblocks_accordion_ie_support":""},"_links":{"self":[{"href":"https:\/\/merkatusoziala.eus\/azoka20\/wp-json\/wp\/v2\/pages\/67"}],"collection":[{"href":"https:\/\/merkatusoziala.eus\/azoka20\/wp-json\/wp\/v2\/pages"}],"about":[{"href":"https:\/\/merkatusoziala.eus\/azoka20\/wp-json\/wp\/v2\/types\/page"}],"author":[{"embeddable":true,"href":"https:\/\/merkatusoziala.eus\/azoka20\/wp-json\/wp\/v2\/users\/1"}],"replies":[{"embeddable":true,"href":"https:\/\/merkatusoziala.eus\/azoka20\/wp-json\/wp\/v2\/comments?post=67"}],"version-history":[{"count":17,"href":"https:\/\/merkatusoziala.eus\/azoka20\/wp-json\/wp\/v2\/pages\/67\/revisions"}],"predecessor-version":[{"id":1269,"href":"https:\/\/merkatusoziala.eus\/azoka20\/wp-json\/wp\/v2\/pages\/67\/revisions\/1269"}],"up":[{"embeddable":true,"href":"https:\/\/merkatusoziala.eus\/azoka20\/wp-json\/wp\/v2\/pages\/430"}],"wp:attachment":[{"href":"https:\/\/merkatusoziala.eus\/azoka20\/wp-json\/wp\/v2\/media?parent=67"}],"curies":[{"name":"wp","href":"https:\/\/api.w.org\/{rel}","templated":true}]}}