{"id":70,"date":"2020-11-10T20:02:23","date_gmt":"2020-11-10T20:02:23","guid":{"rendered":"https:\/\/merkatusoziala.eus\/2020\/?page_id=70"},"modified":"2020-11-27T18:38:52","modified_gmt":"2020-11-27T18:38:52","slug":"administracion-publica","status":"publish","type":"page","link":"https:\/\/merkatusoziala.eus\/azoka20\/es\/escaparate-virtual\/administracion-publica\/","title":{"rendered":"<span class='c1'>Escaparate virtual<\/span><span> Administraci\u00f3n p\u00fablica<\/span>"},"content":{"rendered":"\n<p>\u00bfSabes que la Administraci\u00f3n P\u00fablica es la consumidora m\u00e1s grande de Euskadi?&nbsp;<\/p>\n\n\n\n<p>En Europa, el sector p\u00fablico genera un gasto anual de cerca de 2 billones de euros, lo que equivale a alrededor del 19% del PIB de la Uni\u00f3n Europea. Por ello, es fundamental la integraci\u00f3n de criterios de compra y contrataci\u00f3n responsables dentro de las entidades p\u00fablicas.&nbsp;<\/p>\n\n\n\n<p>Desde el servicio de limpieza de oficinas, a la contrataci\u00f3n de la luz o los servicios financieros&nbsp; pueden provenir de entidades solidarias. Tambi\u00e9n hay agencias de comunicaci\u00f3n, desarrolladores web, servicios de catering, consultoras e investigadoras de diversos \u00e1mbitos\u2026&nbsp;<\/p>\n\n\n\n<p><strong>Como entidad p\u00fablica, tienes varias alternativas que puedes comprar o contratar. Te invitamos a investigar las diferentes entidades, productos y servicios del mercado social por cada sector.<\/strong><\/p>\n\n\n\n<p>Adem\u00e1s, te invitamos a conocer m\u00e1s sobre c\u00f3mo incluir criterios de compra responsable en nuestra p\u00e1gina <a href=\"https:\/\/contratacionpublicaresponsable.org\/\" target=\"_blank\" rel=\"noreferrer noopener\">Contrataci\u00f3n P\u00fablica Responsable<\/a>.&nbsp;<\/p>\n\n\n<div class='mosaico sectores'><\/div>\n\n\n<div class='mosaico sectores'><\/div>\n\n\n\n<div class=\"wp-block-columns are-vertically-aligned-center verde\">\n<div class=\"wp-block-column is-vertically-aligned-center verde\" style=\"flex-basis:66.66%\">\n<p class=\"has-text-align-center verde typing\">Descubre todas las ofertas que tienen en marcha<br> las entidades, \u00a1no te las puedes perder!<\/p>\n<\/div>\n\n\n\n<div class=\"wp-block-column is-vertically-aligned-center black\" style=\"flex-basis:33.33%\">\n<p class=\"has-text-align-center boton\"><a href=\"https:\/\/merkatusoziala.eus\/azoka20\/es\/escaparate-virtual\/ofertas-del-mercado-social\/?to=3\">ofertas_<\/a><\/p>\n<\/div>\n<\/div>\n","protected":false},"excerpt":{"rendered":"<p>\u00bfSabes que la Administraci\u00f3n P\u00fablica es la consumidora m\u00e1s grande de Euskadi?&nbsp; En Europa, el sector p\u00fablico genera un gasto anual de cerca de 2 billones de euros, lo que equivale a alrededor del 19% del PIB de la Uni\u00f3n Europea. Por ello, es fundamental la integraci\u00f3n de criterios de compra y contrataci\u00f3n responsables dentro [&hellip;]<\/p>\n","protected":false},"author":1,"featured_media":0,"parent":34,"menu_order":0,"comment_status":"closed","ping_status":"closed","template":"","meta":{"_coblocks_attr":"","_coblocks_dimensions":"","_coblocks_responsive_height":"","_coblocks_accordion_ie_support":""},"_links":{"self":[{"href":"https:\/\/merkatusoziala.eus\/azoka20\/wp-json\/wp\/v2\/pages\/70"}],"collection":[{"href":"https:\/\/merkatusoziala.eus\/azoka20\/wp-json\/wp\/v2\/pages"}],"about":[{"href":"https:\/\/merkatusoziala.eus\/azoka20\/wp-json\/wp\/v2\/types\/page"}],"author":[{"embeddable":true,"href":"https:\/\/merkatusoziala.eus\/azoka20\/wp-json\/wp\/v2\/users\/1"}],"replies":[{"embeddable":true,"href":"https:\/\/merkatusoziala.eus\/azoka20\/wp-json\/wp\/v2\/comments?post=70"}],"version-history":[{"count":10,"href":"https:\/\/merkatusoziala.eus\/azoka20\/wp-json\/wp\/v2\/pages\/70\/revisions"}],"predecessor-version":[{"id":651,"href":"https:\/\/merkatusoziala.eus\/azoka20\/wp-json\/wp\/v2\/pages\/70\/revisions\/651"}],"up":[{"embeddable":true,"href":"https:\/\/merkatusoziala.eus\/azoka20\/wp-json\/wp\/v2\/pages\/34"}],"wp:attachment":[{"href":"https:\/\/merkatusoziala.eus\/azoka20\/wp-json\/wp\/v2\/media?parent=70"}],"curies":[{"name":"wp","href":"https:\/\/api.w.org\/{rel}","templated":true}]}}