{"id":844,"date":"2020-12-01T00:40:45","date_gmt":"2020-11-30T23:40:45","guid":{"rendered":"https:\/\/merkatusoziala.eus\/azoka20\/?page_id=844"},"modified":"2020-12-01T00:40:45","modified_gmt":"2020-11-30T23:40:45","slug":"politica-de-cookies","status":"publish","type":"page","link":"https:\/\/merkatusoziala.eus\/azoka20\/es\/politica-de-cookies\/","title":{"rendered":"<span class='c1'>Politica de cookies<\/span>"},"content":{"rendered":"\n<p>Para que la p\u00e1gina Web <a href=\"https:\/\/cursoess.reaseuskadi.eus\">cursoess.reaseuskadi.eus<\/a> funcione adecuadamente as\u00ed como para la medici\u00f3n de la navegaci\u00f3n y la reproducci\u00f3n de contenido multimedia podemos utilizar&nbsp;cookies propias y de terceros.<\/p>\n\n\n\n<h2><em>\u00bfQu\u00e9 son las cookies?<\/em><\/h2>\n\n\n\n<p>Una cookie es un peque\u00f1o fichero de texto que los sitios web instalan en el ordenador o el dispositivo m\u00f3vil de las usuarios que los visitan. Las cookies hacen posible, entre otras cosas, que el sitio web recuerde las acciones y preferencias del usuario (identificador de inicio de sesi\u00f3n, idioma, tama\u00f1o de letra y otras preferencias de visualizaci\u00f3n), para que este no tenga que volver a configurarlos cuando regrese al sitio o navegue por sus p\u00e1ginas.<\/p>\n\n\n\n<h2><em>\u00bfQu\u00e9 tipos de cookies utiliza nuestra p\u00e1gina web?<\/em><\/h2>\n\n\n\n<h2>ANAL\u00cdTICA<\/h2>\n\n\n\n<p>Las cookies de anal\u00edtica son aquellas que tienen la finalidad de cuantificar el n\u00famero de visitantes y analizar estad\u00edsticamente la utilizaci\u00f3n que hacen los usuarios de los servicios web.<\/p>\n\n\n\n<p>Puedes ver una lista de los&nbsp;<a rel=\"noreferrer noopener\" aria-label=\" (abre en una nueva pesta\u00f1a)\" href=\"https:\/\/policies.google.com\/technologies\/types?hl=es\" target=\"_blank\">tipos de cookies que utiliza Google<\/a>, as\u00ed como descubrir c\u00f3mo utilizan Google y nuestros partners las cookies en&nbsp;<a rel=\"noreferrer noopener\" aria-label=\" (abre en una nueva pesta\u00f1a)\" href=\"https:\/\/policies.google.com\/technologies\/ads?hl=es\" target=\"_blank\">publicidad<\/a>. En nuestra&nbsp;<a href=\"https:\/\/policies.google.com\/privacy?hl=es\" target=\"_blank\" rel=\"noreferrer noopener\" aria-label=\" (abre en una nueva pesta\u00f1a)\">Pol\u00edtica de privacidad<\/a>&nbsp;se explica c\u00f3mo protegemos tu privacidad en lo que respecta al uso de las cookies y otra informaci\u00f3n.<\/p>\n\n\n\n<p>En nuestra web utilizamos el servicio de&nbsp;<a rel=\"noreferrer noopener\" href=\"http:\/\/www.google.com\/intl\/es\/policies\/technologies\/types\/\" target=\"_blank\">Google Analytics<\/a>, un servicio de anal\u00edtica web desarrollada por Google, que presta un servicio de medici\u00f3n y an\u00e1lisis de la navegaci\u00f3n en nuestra p\u00e1gina. Google puede utilizar los datos para mejorar sus servicios y ofrecer servicios a otras empresas.<\/p>\n\n\n\n<p>M\u00e1s informaci\u00f3n<br> <a rel=\"noreferrer noopener\" aria-label=\" (abre en una nueva pesta\u00f1a)\" href=\"https:\/\/policies.google.com\/privacy?hl=es\" target=\"_blank\">https:\/\/policies.google.com\/privacy?hl=es<\/a><\/p>\n\n\n\n<h2>SOCIAL MEDIA<\/h2>\n\n\n\n<p>Las cookies de redes sociales se utilizan para que los visitantes puedan&nbsp;interactuar con el contenido de diferentes plataformas sociales (Facebook, YouTube, Twitter, LinkedIn, etc.) y que se generan \u00fanicamente para los usuarios de dichas redes sociales.<\/p>\n\n\n\n<p>Utilizamos cookies de Youtube para la reproducci\u00f3n de los videos de esta plataforma en nuestra p\u00e1gina web<\/p>\n\n\n\n<p>M\u00e1s informaci\u00f3n<br> <a href=\"https:\/\/policies.google.com\/privacy?hl=es\" target=\"_blank\" rel=\"noreferrer noopener\" aria-label=\" (abre en una nueva pesta\u00f1a)\">https:\/\/policies.google.com\/privacy?hl=es<\/a><\/p>\n\n\n\n<h2>Bloquear la instalaci\u00f3n de Cookies<\/h2>\n\n\n\n<p>Puedes bloquear la instalaci\u00f3n de las cookies haciendo clic en el bot\u00f3n \u201cDenegar la pol\u00edtica de cookies\u201d que aparecer\u00e1 al acceder a la web. Puedes revocar tu consentimiento haciendo clic en el bot\u00f3n \u201cRevocar\u201d del aviso de aceptaci\u00f3n de la pol\u00edtica de cookies.<\/p>\n\n\n\n<p>Adem\u00e1s, puedes permitir, bloquear o eliminar las cookies instaladas en tu equipo mediante la configuraci\u00f3n de las opciones del navegador instalado en tu ordenador. Dependiendo de qu\u00e9 navegador utilices, puedes seguir alguno de los siguientes enlaces:<\/p>\n\n\n\n<ul><li> Firefox desde:&nbsp;<a rel=\"noreferrer noopener\" aria-label=\" (abre en una nueva pesta\u00f1a)\" href=\"https:\/\/support.mozilla.org\/es\/kb\/habilitar-y-deshabilitar-cookies-sitios-web-rastrear-preferencias\" target=\"_blank\">https:\/\/support.mozilla.org\/es\/kb\/habilitar-y-deshabilitar-cookies-sitios-web-rastrear-preferencias<\/a> <\/li><li> Chrome desde:&nbsp;<a href=\"http:\/\/support.google.com\/chrome\/bin\/answer.py?hl=es&amp;answer=95647\">http:\/\/support.google.com\/chrome\/bin\/answer.py?hl=es&amp;answer=95647<\/a> <\/li><li> Safari desde:&nbsp;<a rel=\"noreferrer noopener\" aria-label=\" (abre en una nueva pesta\u00f1a)\" href=\"https:\/\/support.apple.com\/kb\/ph21411?locale=es_ES\" target=\"_blank\">https:\/\/support.apple.com\/kb\/ph21411?locale=es_ES<\/a> <\/li><li> Explorer desde:&nbsp;<a href=\"https:\/\/support.microsoft.com\/es-es\/help\/17442\/windows-internet-explorer-delete-manage-cookies\" target=\"_blank\" rel=\"noreferrer noopener\" aria-label=\" (abre en una nueva pesta\u00f1a)\">https:\/\/support.microsoft.com\/es-es\/help\/17442\/windows-internet-explorer-delete-manage-cookies<\/a> <\/li><\/ul>\n\n\n\n<p>Fecha de actualizaci\u00f3n: OCTUBRE 2019<\/p>\n","protected":false},"excerpt":{"rendered":"<p>Para que la p\u00e1gina Web cursoess.reaseuskadi.eus funcione adecuadamente as\u00ed como para la medici\u00f3n de la navegaci\u00f3n y la reproducci\u00f3n de contenido multimedia podemos utilizar&nbsp;cookies propias y de terceros. \u00bfQu\u00e9 son las cookies? Una cookie es un peque\u00f1o fichero de texto que los sitios web instalan en el ordenador o el dispositivo m\u00f3vil de las usuarios [&hellip;]<\/p>\n","protected":false},"author":1,"featured_media":0,"parent":0,"menu_order":0,"comment_status":"closed","ping_status":"closed","template":"","meta":{"_coblocks_attr":"","_coblocks_dimensions":"","_coblocks_responsive_height":"","_coblocks_accordion_ie_support":""},"_links":{"self":[{"href":"https:\/\/merkatusoziala.eus\/azoka20\/wp-json\/wp\/v2\/pages\/844"}],"collection":[{"href":"https:\/\/merkatusoziala.eus\/azoka20\/wp-json\/wp\/v2\/pages"}],"about":[{"href":"https:\/\/merkatusoziala.eus\/azoka20\/wp-json\/wp\/v2\/types\/page"}],"author":[{"embeddable":true,"href":"https:\/\/merkatusoziala.eus\/azoka20\/wp-json\/wp\/v2\/users\/1"}],"replies":[{"embeddable":true,"href":"https:\/\/merkatusoziala.eus\/azoka20\/wp-json\/wp\/v2\/comments?post=844"}],"version-history":[{"count":1,"href":"https:\/\/merkatusoziala.eus\/azoka20\/wp-json\/wp\/v2\/pages\/844\/revisions"}],"predecessor-version":[{"id":845,"href":"https:\/\/merkatusoziala.eus\/azoka20\/wp-json\/wp\/v2\/pages\/844\/revisions\/845"}],"wp:attachment":[{"href":"https:\/\/merkatusoziala.eus\/azoka20\/wp-json\/wp\/v2\/media?parent=844"}],"curies":[{"name":"wp","href":"https:\/\/api.w.org\/{rel}","templated":true}]}}