{"id":85,"date":"2020-11-16T17:22:02","date_gmt":"2020-11-16T17:22:02","guid":{"rendered":"https:\/\/merkatusoziala.eus\/2020\/?page_id=85"},"modified":"2020-12-03T11:30:17","modified_gmt":"2020-12-03T10:30:17","slug":"es-tu-primera-vez-en-la-feria","status":"publish","type":"page","link":"https:\/\/merkatusoziala.eus\/azoka20\/es\/feria-virtual-de-la-economia-solidaria\/es-tu-primera-vez-en-la-feria\/","title":{"rendered":"<span class='c1'>\u00bfEs tu primera vez en la feria?<\/span><span>\u00bfC\u00f3mo se visita una feria virtual?<\/span>"},"content":{"rendered":"\n<p>Muy sencillo, tienes 3 apartados diferentes:&nbsp;<\/p>\n\n\n\n<figure class=\"wp-block-embed-youtube wp-block-embed is-type-video is-provider-youtube pop wp-embed-aspect-16-9 wp-has-aspect-ratio\"><div class=\"wp-block-embed__wrapper\">\n<\/code><div class='subs_iframe'><p><img src='https:\/\/i.ytimg.com\/vi\/GJgptL0utzM\/hqdefault.jpg' alt='<span class='c1'>\u00bfEs tu primera vez en la feria?<\/span><span>\u00bfC\u00f3mo se visita una feria virtual?<\/span>&#8216; \/><\/p><a class=\"remember_cookies_4_watching\" href=\"cookie_policy_url\" >cookie_accept_4_watching<\/a><\/div><code>\n<\/div><\/figure>\n\n\n\n<h2><strong>ESCAPARATE VIRTUAL<\/strong> <\/h2>\n\n\n\n<p><a href=\"https:\/\/merkatusoziala.eus\/azoka20\/es\/escaparate-virtual\/\">Aqu\u00ed<\/a> encontrar\u00e1s toda la oferta del mercado social de Euskadi, desde productos agroecol\u00f3gicos y de comercio justo a servicios de finanzas, consultor\u00eda, energ\u00eda, formaci\u00f3n\u2026&nbsp;<\/p>\n\n\n\n<p>Entra aqu\u00ed y escoge el itinerario que m\u00e1s se adapte a t\u00ed: <a href=\"https:\/\/merkatusoziala.eus\/azoka20\/es\/escaparate-virtual\/particulares\/\">particular<\/a>, <a href=\"https:\/\/merkatusoziala.eus\/azoka20\/es\/escaparate-virtual\/escaparate-virtual-empresas\/empresa\/\">empresa <\/a>o <a href=\"https:\/\/merkatusoziala.eus\/azoka20\/es\/escaparate-virtual\/escaparate-virtual-empresas\/\">administraci\u00f3n p\u00fablica<\/a>. Dependiendo del perfil con el que entr\u00e9s te apareceran diferentes iniciativas, productos y servicios.&nbsp;<\/p>\n\n\n\n<p>Adem\u00e1s, tambi\u00e9n tendr\u00e1s acceso en este apartado a una gran <a href=\"https:\/\/merkatusoziala.eus\/azoka20\/es\/escaparate-virtual\/ofertas-del-mercado-social\/\">variedad de ofertas<\/a>, \u00a1no te las pierdas, ya que solo estar\u00e1n activas durante la feria!<\/p>\n\n\n\n<h2><strong>AGENDA<\/strong> <\/h2>\n\n\n\n<p>Del 27 de noviembre al 18 de diciembre hemos programado varias actividades, incluyendo talleres, presentaciones, debates y proyecciones. Algunas tienen plazas limitadas, \u00a1as\u00ed que corre a apuntarte! Conoce la programaci\u00f3n completa aqu\u00ed.&nbsp;<\/p>\n\n\n\n<h2><strong>ZONA DE SOCIAS<\/strong><\/h2>\n\n\n\n<p>Este espacio es solo para socias de las entidades de REAS Euskadi. Hemos creado este espacio para compartir saberes y recursos dentro de la red y tenemos una agenda propia con temas de inter\u00e9s para nuestras socias. Si eres trabajadora, socia o voluntaria de alguna de las entidades de REAS Euskadi, \u00a1este es tu espacio! <a href=\"https:\/\/merkatusoziala.eus\/azoka20\/es\/area-socias\/\">Desc\u00fabrelo aqui<\/a>.<\/p>\n\n\n\n<div style=\"height:20px\" aria-hidden=\"true\" class=\"wp-block-spacer\"><\/div>\n\n\n\n<figure class=\"wp-block-embed-youtube wp-block-embed is-type-video is-provider-youtube wp-embed-aspect-16-9 wp-has-aspect-ratio\"><div class=\"wp-block-embed__wrapper\">\n<\/code><div class='subs_iframe'><p><img src='https:\/\/i.ytimg.com\/vi\/GJgptL0utzM\/hqdefault.jpg' alt='<span class='c1'>\u00bfEs tu primera vez en la feria?<\/span><span>\u00bfC\u00f3mo se visita una feria virtual?<\/span>&#8216; \/><\/p><a class=\"remember_cookies_4_watching\" href=\"cookie_policy_url\" >cookie_accept_4_watching<\/a><\/div><code>\n<\/div><\/figure>\n\n\n\n<div style=\"height:20px\" aria-hidden=\"true\" class=\"wp-block-spacer\"><\/div>\n\n\n\n<p><\/p>\n\n\n\n<div class=\"wp-block-buttons aligncenter\">\n<div class=\"wp-block-button\"><a class=\"wp-block-button__link\" href=\"https:\/\/merkatusoziala.eus\/azoka20\/es\/feria-virtual-de-la-economia-solidaria\/\">Volver al inicio<\/a><\/div>\n<\/div>\n\n\n\n<p><\/p>\n","protected":false},"excerpt":{"rendered":"<p>Muy sencillo, tienes 3 apartados diferentes:&nbsp; ESCAPARATE VIRTUAL Aqu\u00ed encontrar\u00e1s toda la oferta del mercado social de Euskadi, desde productos agroecol\u00f3gicos y de comercio justo a servicios de finanzas, consultor\u00eda, energ\u00eda, formaci\u00f3n\u2026&nbsp; Entra aqu\u00ed y escoge el itinerario que m\u00e1s se adapte a t\u00ed: particular, empresa o administraci\u00f3n p\u00fablica. Dependiendo del perfil con el que [&hellip;]<\/p>\n","protected":false},"author":1,"featured_media":0,"parent":9,"menu_order":0,"comment_status":"closed","ping_status":"closed","template":"","meta":{"_coblocks_attr":"","_coblocks_dimensions":"","_coblocks_responsive_height":"","_coblocks_accordion_ie_support":""},"_links":{"self":[{"href":"https:\/\/merkatusoziala.eus\/azoka20\/wp-json\/wp\/v2\/pages\/85"}],"collection":[{"href":"https:\/\/merkatusoziala.eus\/azoka20\/wp-json\/wp\/v2\/pages"}],"about":[{"href":"https:\/\/merkatusoziala.eus\/azoka20\/wp-json\/wp\/v2\/types\/page"}],"author":[{"embeddable":true,"href":"https:\/\/merkatusoziala.eus\/azoka20\/wp-json\/wp\/v2\/users\/1"}],"replies":[{"embeddable":true,"href":"https:\/\/merkatusoziala.eus\/azoka20\/wp-json\/wp\/v2\/comments?post=85"}],"version-history":[{"count":18,"href":"https:\/\/merkatusoziala.eus\/azoka20\/wp-json\/wp\/v2\/pages\/85\/revisions"}],"predecessor-version":[{"id":1080,"href":"https:\/\/merkatusoziala.eus\/azoka20\/wp-json\/wp\/v2\/pages\/85\/revisions\/1080"}],"up":[{"embeddable":true,"href":"https:\/\/merkatusoziala.eus\/azoka20\/wp-json\/wp\/v2\/pages\/9"}],"wp:attachment":[{"href":"https:\/\/merkatusoziala.eus\/azoka20\/wp-json\/wp\/v2\/media?parent=85"}],"curies":[{"name":"wp","href":"https:\/\/api.w.org\/{rel}","templated":true}]}}