{"id":9,"date":"2020-11-09T21:32:28","date_gmt":"2020-11-09T21:32:28","guid":{"rendered":"https:\/\/merkatusoziala.eus\/2020\/?page_id=9"},"modified":"2020-12-19T13:35:20","modified_gmt":"2020-12-19T12:35:20","slug":"feria-virtual-de-la-economia-solidaria","status":"publish","type":"page","link":"https:\/\/merkatusoziala.eus\/azoka20\/es\/feria-virtual-de-la-economia-solidaria\/","title":{"rendered":"<span class='c1'>\u00a1BIENVENIDA A  LA fESSta 2020<\/span><span> LA 1\u00ba FERIA VIRTUAL DE LA ECONOM\u00cdA SOLIDARIA EN EUSKADI!<\/span>"},"content":{"rendered":"\n<p>Este a\u00f1o la feria est\u00e1 centrada en dar a conocer las alternativas existentes dentro del <a href=\"https:\/\/merkatusoziala.eus\/azoka20\/es\/feria-virtual-de-la-economia-solidaria\/que-es-el-mercado-social\/\">mercado social de Euskadi<\/a> para cambiar el modelo econ\u00f3mico hegem\u00f3nico que tenemos y que una vez m\u00e1s, con esta pandemia, se ha puesto en evidencia que no funciona y es urgente cambiar. Por ello, nuestros esfuerzos se centran en proveer ejemplos pr\u00e1cticos y reales para ir dando poco a poco los paso necesarios hacia una econom\u00eda mas \u00e9tica, democr\u00e1tica, solidaria, feminista y sostenible.<\/p>\n\n\n\n<div class=\"wp-block-buttons aligncenter verde\">\n<div class=\"wp-block-button\"><a class=\"wp-block-button__link\" href=\"https:\/\/merkatusoziala.eus\/azoka20\/es\/feria-virtual-de-la-economia-solidaria\/es-tu-primera-vez-en-la-feria\/\">\u00bfEs tu primera vez en la feria?<\/a><\/div>\n<\/div>\n\n\n\n<div style=\"height:20px\" aria-hidden=\"true\" class=\"wp-block-spacer\"><\/div>\n\n\n\n<p>Descubre la oferta del mercado social, aprende con diferentes charlas y talleres, y relaci\u00f3nate en el espacio Bazkide Gunea.&nbsp;<\/p>\n\n\n\n<div style=\"height:20px\" aria-hidden=\"true\" class=\"wp-block-spacer\"><\/div>\n\n\n\n<div class=\"wp-block-columns are-vertically-aligned-bottom\">\n<div class=\"wp-block-column is-vertically-aligned-bottom\">\n<div class=\"wp-block-image figcaption is-style-default coblocks-animate has-lightbox has-filter-grayscale\" data-coblocks-animation=\"slideInBottom\"><figure class=\"aligncenter size-large\"><a href=\"https:\/\/merkatusoziala.eus\/azoka20\/es\/catalogo-virtual\/\"><img loading=\"lazy\" width=\"914\" height=\"615\" src=\"https:\/\/merkatusoziala.eus\/azoka20\/wp-content\/uploads\/2020\/12\/escaparate-merkatu-soziala.jpg\" alt=\"ESCAPARATE MERKATU SOZIALA\" class=\"wp-image-971\" srcset=\"https:\/\/merkatusoziala.eus\/azoka20\/wp-content\/uploads\/2020\/12\/escaparate-merkatu-soziala.jpg 914w, https:\/\/merkatusoziala.eus\/azoka20\/wp-content\/uploads\/2020\/12\/escaparate-merkatu-soziala-300x202.jpg 300w, https:\/\/merkatusoziala.eus\/azoka20\/wp-content\/uploads\/2020\/12\/escaparate-merkatu-soziala-768x517.jpg 768w\" sizes=\"(max-width: 914px) 100vw, 914px\" \/><\/a><figcaption><a href=\"https:\/\/merkatusoziala.eus\/azoka20\/es\/escaparate-virtual\/\">La oferta completa de productos y servicios del Mercado Social de Euskadi. <\/a><br><a href=\"https:\/\/merkatusoziala.eus\/azoka20\/es\/escaparate-virtual\/\">Ver el escaparate<\/a><\/figcaption><\/figure><\/div>\n\n\n\n<div class=\"wp-block-buttons aligncenter\">\n<div id=\"catalogo\" class=\"wp-block-button black\"><a class=\"wp-block-button__link\" href=\"https:\/\/merkatusoziala.eus\/azoka20\/es\/escaparate-virtual\/\">ESCAPARATE VIRTUAL<\/a><\/div>\n<\/div>\n<\/div>\n\n\n\n<div class=\"wp-block-column is-vertically-aligned-bottom\">\n<div class=\"wp-block-image figcaption is-style-default coblocks-animate has-filter-grayscale\" data-coblocks-animation=\"slideInBottom\"><figure class=\"aligncenter size-large\"><a href=\"https:\/\/merkatusoziala.eus\/azoka20\/es\/programa\/\"><img loading=\"lazy\" width=\"914\" height=\"615\" src=\"https:\/\/merkatusoziala.eus\/azoka20\/wp-content\/uploads\/2020\/12\/agenda-merkatu-soziala.jpg\" alt=\"Mercado Sozial Euskadi Agenda\" class=\"wp-image-979\" srcset=\"https:\/\/merkatusoziala.eus\/azoka20\/wp-content\/uploads\/2020\/12\/agenda-merkatu-soziala.jpg 914w, https:\/\/merkatusoziala.eus\/azoka20\/wp-content\/uploads\/2020\/12\/agenda-merkatu-soziala-300x202.jpg 300w, https:\/\/merkatusoziala.eus\/azoka20\/wp-content\/uploads\/2020\/12\/agenda-merkatu-soziala-768x517.jpg 768w\" sizes=\"(max-width: 914px) 100vw, 914px\" \/><\/a><figcaption><a href=\"https:\/\/merkatusoziala.eus\/azoka20\/es\/programa\/\">Todo tipo de actividades, desde charlas, a talleres, presentaciones, proyecciones&#8230;<\/a><br><a href=\"https:\/\/merkatusoziala.eus\/azoka20\/es\/programa\/\">Ver agenda<\/a><\/figcaption><\/figure><\/div>\n\n\n\n<div class=\"wp-block-buttons aligncenter\">\n<div id=\"agenda\" class=\"wp-block-button black\"><a class=\"wp-block-button__link\" href=\"https:\/\/merkatusoziala.eus\/azoka20\/es\/programa\/\">AGENDA<\/a><\/div>\n<\/div>\n<\/div>\n\n\n\n<div class=\"wp-block-column is-vertically-aligned-bottom\">\n<div class=\"wp-block-image figcaption is-style-default coblocks-animate has-filter-grayscale\" data-coblocks-animation=\"slideInBottom\"><figure class=\"aligncenter size-large\"><a href=\"https:\/\/merkatusoziala.eus\/azoka20\/es\/area-socias\/\"><img loading=\"lazy\" width=\"914\" height=\"615\" src=\"https:\/\/merkatusoziala.eus\/azoka20\/wp-content\/uploads\/2020\/12\/bazkide-gunea-merkatu-soziala.jpg\" alt=\"\" class=\"wp-image-975\" srcset=\"https:\/\/merkatusoziala.eus\/azoka20\/wp-content\/uploads\/2020\/12\/bazkide-gunea-merkatu-soziala.jpg 914w, https:\/\/merkatusoziala.eus\/azoka20\/wp-content\/uploads\/2020\/12\/bazkide-gunea-merkatu-soziala-300x202.jpg 300w, https:\/\/merkatusoziala.eus\/azoka20\/wp-content\/uploads\/2020\/12\/bazkide-gunea-merkatu-soziala-768x517.jpg 768w\" sizes=\"(max-width: 914px) 100vw, 914px\" \/><\/a><figcaption><a href=\"https:\/\/merkatusoziala.eus\/azoka20\/es\/area-socias\/\">Un espacio para que las entidades de REAS Euskadi se relaciones e intercooperen. <\/a><br><a href=\"https:\/\/merkatusoziala.eus\/azoka20\/es\/area-socias\/\">Ir a la zona de socias<\/a><\/figcaption><\/figure><\/div>\n\n\n\n<div class=\"wp-block-buttons aligncenter\">\n<div id=\"gunea\" class=\"wp-block-button black\"><a class=\"wp-block-button__link\" href=\"https:\/\/merkatusoziala.eus\/azoka20\/es\/area-socias\/\">ZONA DE SOCIAS<\/a><\/div>\n<\/div>\n<\/div>\n<\/div>\n\n\n\n<div style=\"height:100px\" aria-hidden=\"true\" class=\"wp-block-spacer\"><\/div>\n","protected":false},"excerpt":{"rendered":"<p>Este a\u00f1o la feria est\u00e1 centrada en dar a conocer las alternativas existentes dentro del mercado social de Euskadi para cambiar el modelo econ\u00f3mico hegem\u00f3nico que tenemos y que una vez m\u00e1s, con esta pandemia, se ha puesto en evidencia que no funciona y es urgente cambiar. Por ello, nuestros esfuerzos se centran en proveer [&hellip;]<\/p>\n","protected":false},"author":1,"featured_media":0,"parent":0,"menu_order":0,"comment_status":"closed","ping_status":"closed","template":"","meta":{"_coblocks_attr":"","_coblocks_dimensions":"","_coblocks_responsive_height":"","_coblocks_accordion_ie_support":""},"_links":{"self":[{"href":"https:\/\/merkatusoziala.eus\/azoka20\/wp-json\/wp\/v2\/pages\/9"}],"collection":[{"href":"https:\/\/merkatusoziala.eus\/azoka20\/wp-json\/wp\/v2\/pages"}],"about":[{"href":"https:\/\/merkatusoziala.eus\/azoka20\/wp-json\/wp\/v2\/types\/page"}],"author":[{"embeddable":true,"href":"https:\/\/merkatusoziala.eus\/azoka20\/wp-json\/wp\/v2\/users\/1"}],"replies":[{"embeddable":true,"href":"https:\/\/merkatusoziala.eus\/azoka20\/wp-json\/wp\/v2\/comments?post=9"}],"version-history":[{"count":171,"href":"https:\/\/merkatusoziala.eus\/azoka20\/wp-json\/wp\/v2\/pages\/9\/revisions"}],"predecessor-version":[{"id":1334,"href":"https:\/\/merkatusoziala.eus\/azoka20\/wp-json\/wp\/v2\/pages\/9\/revisions\/1334"}],"wp:attachment":[{"href":"https:\/\/merkatusoziala.eus\/azoka20\/wp-json\/wp\/v2\/media?parent=9"}],"curies":[{"name":"wp","href":"https:\/\/api.w.org\/{rel}","templated":true}]}}